{"id":415,"date":"2019-10-02T12:24:09","date_gmt":"2019-10-02T10:24:09","guid":{"rendered":"http:\/\/projectes.biz\/gremifloristes\/?page_id=415"},"modified":"2025-03-26T12:01:37","modified_gmt":"2025-03-26T11:01:37","slug":"aviso-legal","status":"publish","type":"page","link":"https:\/\/floristes.cat\/es\/aviso-legal\/","title":{"rendered":"Aviso Legal"},"content":{"rendered":"\n<h1 class=\"wp-block-heading\">Aviso legal<\/h1>\n\n\n\n<p><strong>Propiedad intelectual e industrial<\/strong><\/p>\n\n\n\n<p>El dise\u00f1o del portal y sus c\u00f3digos fuente, as\u00ed como los logos, marcas y dem\u00e1s signos distintivos que aparecen en el mismo pertenecen al GREMI FLORISTES DE CATALUNYA y est\u00e1n protegidos por los correspondientes derechos de propiedad intelectual e industrial.<\/p>\n\n\n\n<p><strong>Responsabilidad de los contenidos<\/strong><\/p>\n\n\n\n<p>GREMI FLORISTES DE CATALUNYA, con CIF\/NIF G08791626 no se hace responsable de la legalidad de otros sitios web de terceros desde los que pueda accederse al portal. Tampoco responde por la legalidad de otros sitios web de terceros, que pudieran estar vinculados o enlazados desde este portal.<\/p>\n\n\n\n<p>GREMI FLORISTES DE CATALUNYA, con CIF\/NIF G08791626 no ser\u00e1 responsable del uso que terceros hagan de la informaci\u00f3n publicada en el portal, ni tampoco de los da\u00f1os sufridos o p\u00e9rdidas econ\u00f3micas que, de forma directa o indirecta, produzcan o puedan producir perjuicios econ\u00f3micos, materiales o sobre datos, provocados por el uso de dicha informaci\u00f3n.<\/p>\n\n\n\n<p><strong>Reproducci\u00f3n de contenidos<\/strong><\/p>\n\n\n\n<p>En virtud de lo dispuesto en la Ley de Propiedad Intelectual quedan expresamente prohibidas la reproducci\u00f3n, la distribuci\u00f3n y la comunicaci\u00f3n p\u00fablica de la totalidad o parte de los contenidos de esta p\u00e1gina web, con fines comerciales en cualquier soporte, y por cualquier medio t\u00e9cnico, sin la autorizaci\u00f3n del GREMI FLORISTES DE CATALUNYA.<\/p>\n\n\n\n<p><strong>Ley aplicable<\/strong><\/p>\n\n\n\n<p>GREMI FLORISTES DE CATALUNYA, con CIF\/NIF G08791626 se reserva la facultad de presentar las acciones civiles o penales que considere necesaria por la utilizaci\u00f3n indebida del sitio Web y contenidos, o por el incumplimiento de las presentes condiciones.<\/p>\n\n\n\n<p>La relaci\u00f3n entre el usuario y GREMI FLORISTES DE CATALUNYA, con CIF\/NIF G08791626 se regir\u00e1 por la normativa vigente y de aplicaci\u00f3n en el territorio nacional. De surgir cualquier controversia en relaci\u00f3n a la interpretaci\u00f3n y\/o a la aplicaci\u00f3n de estas condiciones, las partes someter\u00e1n los conflictos a la jurisdicci\u00f3n ordinaria, someti\u00e9ndose a los Jueces y Tribunales que correspondan conforme a Derecho.<\/p>\n\n\n\n<p>As\u00ed mismo, le informamos que dispone de un procedimiento de resoluci\u00f3n extrajudicial de controversias gratuito y accesible a todos los ciudadanos, se trata de la plataforma de resoluci\u00f3n de litigios en l\u00ednea de la Uni\u00f3n Europea, accesible a trav\u00e9s del siguiente enlace: <a href=\"https:\/\/ec.europa.eu\/consumers\/odr\/main\/?event=main.home2.show\">https:\/\/ec.europa.eu\/consumers\/odr\/main\/?event=main.home2.show.<\/a><\/p>\n\n\n\n<p><strong>Cookies<\/strong><\/p>\n\n\n\n<p>En el caso de emplear tecnolog\u00eda \u201ccookie\u201d en la web, dispone de un apartado concreto que le informa sobre su existencia, as\u00ed como de su pol\u00edtica de uso. Consulte el apartado \u201cpol\u00edtica de cookies\u201d.<\/p>\n\n\n\n<p>En caso contrario, no se emplean cookies de navegaci\u00f3n.<\/p>\n\n\n\n<p><strong>Datos personales de menores<\/strong><\/p>\n\n\n\n<p>Esta p\u00e1gina web no est\u00e1 dirigida a usuarios menores de edad. Si usted es menor de edad, por favor no intente registrarse como usuario. Si descubrimos que por error hemos obtenido informaci\u00f3n personal de un menor, eliminaremos dicha informaci\u00f3n lo antes posible.<\/p>\n\n\n\n<p><strong>Ejercicio de los derechos de protecci\u00f3n de datos<\/strong><\/p>\n\n\n\n<p>De acuerdo con los derechos que confiere la normativa vigente en materia de protecci\u00f3n de datos de car\u00e1cter personal, el usuario podr\u00e1 ejercer los derechos de acceso, rectificaci\u00f3n, limitaci\u00f3n de tratamiento, supresi\u00f3n, portabilidad y oposici\u00f3n al tratamiento de sus datos dirigiendo su petici\u00f3n a la direcci\u00f3n postal indicada o al correo electr\u00f3nico <a href=\"mailto:gremi@floristes.cat\">gremi@floristes.cat<\/a><\/p>\n\n\n\n<p><strong>Consentimiento Candidatos<\/strong>:<\/p>\n\n\n\n<p>Aceptando nuestra pol\u00edtica de privacidad da su consentimiento expreso para ceder sus datos personales a: Miembros del gremio con puestos vacantes.<\/p>\n\n\n\n<p>Para el ejercicio de los derechos deber\u00e1 identificarse mediante la presentaci\u00f3n de su DNI.<\/p>\n\n\n\n<p>Para cualquier reclamaci\u00f3n puede dirigirse al correo electr\u00f3nico <a href=\"mailto:gremi@floristes.cat\">gremi@floristes.cat<\/a> Igualmente podr\u00e1 dirigirse a la Agencia Espa\u00f1ola de Protecci\u00f3n de Datos: <a href=\"https:\/\/www.aepd.es\/\">https:\/\/www.aepd.es<\/a><\/p>\n","protected":false},"excerpt":{"rendered":"<p>Aviso legal Propiedad intelectual e industrial El dise\u00f1o del portal y sus c\u00f3digos fuente, as\u00ed como los logos, marcas y dem\u00e1s signos distintivos que aparecen en el mismo pertenecen al GREMI FLORISTES DE CATALUNYA y est\u00e1n protegidos por los correspondientes derechos de propiedad intelectual e industrial. Responsabilidad de los contenidos GREMI FLORISTES DE CATALUNYA, con &hellip;<\/p>\n","protected":false},"author":1,"featured_media":0,"parent":0,"menu_order":0,"comment_status":"closed","ping_status":"closed","template":"templates\/template-builder.php","meta":{"inline_featured_image":false,"_kad_blocks_custom_css":"","_kad_blocks_head_custom_js":"","_kad_blocks_body_custom_js":"","_kad_blocks_footer_custom_js":"","footnotes":""},"class_list":["post-415","page","type-page","status-publish","hentry","post","without-featured-image"],"yoast_head":"<!-- This site is optimized with the Yoast SEO plugin v27.0 - https:\/\/yoast.com\/product\/yoast-seo-wordpress\/ -->\n<title>Aviso Legal - Gremi de Floristes de Catalunya<\/title>\n<meta name=\"robots\" content=\"index, follow, max-snippet:-1, max-image-preview:large, max-video-preview:-1\" \/>\n<link rel=\"canonical\" href=\"https:\/\/floristes.cat\/es\/aviso-legal\/\" \/>\n<meta property=\"og:locale\" content=\"es_ES\" \/>\n<meta property=\"og:type\" content=\"article\" \/>\n<meta property=\"og:title\" content=\"Aviso Legal - Gremi de Floristes de Catalunya\" \/>\n<meta property=\"og:description\" content=\"Aviso legal Propiedad intelectual e industrial El dise\u00f1o del portal y sus c\u00f3digos fuente, as\u00ed como los logos, marcas y dem\u00e1s signos distintivos que aparecen en el mismo pertenecen al GREMI FLORISTES DE CATALUNYA y est\u00e1n protegidos por los correspondientes derechos de propiedad intelectual e industrial. Responsabilidad de los contenidos GREMI FLORISTES DE CATALUNYA, con &hellip;\" \/>\n<meta property=\"og:url\" content=\"https:\/\/floristes.cat\/es\/aviso-legal\/\" \/>\n<meta property=\"og:site_name\" content=\"Gremi de Floristes de Catalunya\" \/>\n<meta property=\"article:publisher\" content=\"https:\/\/www.facebook.com\/gremifloristes\/\" \/>\n<meta property=\"article:modified_time\" content=\"2025-03-26T11:01:37+00:00\" \/>\n<meta name=\"twitter:card\" content=\"summary_large_image\" \/>\n<meta name=\"twitter:site\" content=\"@GremiFloristesc\" \/>\n<meta name=\"twitter:label1\" content=\"Tiempo de lectura\" \/>\n\t<meta name=\"twitter:data1\" content=\"4 minutos\" \/>\n<script type=\"application\/ld+json\" class=\"yoast-schema-graph\">{\"@context\":\"https:\/\/schema.org\",\"@graph\":[{\"@type\":\"WebPage\",\"@id\":\"https:\/\/floristes.cat\/es\/aviso-legal\/\",\"url\":\"https:\/\/floristes.cat\/es\/aviso-legal\/\",\"name\":\"Aviso Legal - Gremi de Floristes de Catalunya\",\"isPartOf\":{\"@id\":\"https:\/\/floristes.cat\/#website\"},\"datePublished\":\"2019-10-02T10:24:09+00:00\",\"dateModified\":\"2025-03-26T11:01:37+00:00\",\"breadcrumb\":{\"@id\":\"https:\/\/floristes.cat\/es\/aviso-legal\/#breadcrumb\"},\"inLanguage\":\"es\",\"potentialAction\":[{\"@type\":\"ReadAction\",\"target\":[\"https:\/\/floristes.cat\/es\/aviso-legal\/\"]}]},{\"@type\":\"BreadcrumbList\",\"@id\":\"https:\/\/floristes.cat\/es\/aviso-legal\/#breadcrumb\",\"itemListElement\":[{\"@type\":\"ListItem\",\"position\":1,\"name\":\"Inici\",\"item\":\"https:\/\/floristes.cat\/es\/\"},{\"@type\":\"ListItem\",\"position\":2,\"name\":\"Aviso Legal\"}]},{\"@type\":\"WebSite\",\"@id\":\"https:\/\/floristes.cat\/#website\",\"url\":\"https:\/\/floristes.cat\/\",\"name\":\"Gremi de Floristes de Catalunya\",\"description\":\"Empreses que treballen amb flors, plantes naturals i artificials, elements complementaris i afins.\",\"publisher\":{\"@id\":\"https:\/\/floristes.cat\/#organization\"},\"potentialAction\":[{\"@type\":\"SearchAction\",\"target\":{\"@type\":\"EntryPoint\",\"urlTemplate\":\"https:\/\/floristes.cat\/?s={search_term_string}\"},\"query-input\":{\"@type\":\"PropertyValueSpecification\",\"valueRequired\":true,\"valueName\":\"search_term_string\"}}],\"inLanguage\":\"es\"},{\"@type\":\"Organization\",\"@id\":\"https:\/\/floristes.cat\/#organization\",\"name\":\"Gremi de Floristes de Catalunya\",\"url\":\"https:\/\/floristes.cat\/\",\"logo\":{\"@type\":\"ImageObject\",\"inLanguage\":\"es\",\"@id\":\"https:\/\/floristes.cat\/#\/schema\/logo\/image\/\",\"url\":\"https:\/\/floristes.cat\/wp-content\/uploads\/2019\/10\/Logo_gremi_floristes_catalunya.png\",\"contentUrl\":\"https:\/\/floristes.cat\/wp-content\/uploads\/2019\/10\/Logo_gremi_floristes_catalunya.png\",\"width\":96,\"height\":199,\"caption\":\"Gremi de Floristes de Catalunya\"},\"image\":{\"@id\":\"https:\/\/floristes.cat\/#\/schema\/logo\/image\/\"},\"sameAs\":[\"https:\/\/www.facebook.com\/gremifloristes\/\",\"https:\/\/x.com\/GremiFloristesc\",\"https:\/\/instagram.com\/somfloristes?igshid=2kfzf7ep7g0q\"]}]}<\/script>\n<!-- \/ Yoast SEO plugin. -->","yoast_head_json":{"title":"Aviso Legal - Gremi de Floristes de Catalunya","robots":{"index":"index","follow":"follow","max-snippet":"max-snippet:-1","max-image-preview":"max-image-preview:large","max-video-preview":"max-video-preview:-1"},"canonical":"https:\/\/floristes.cat\/es\/aviso-legal\/","og_locale":"es_ES","og_type":"article","og_title":"Aviso Legal - Gremi de Floristes de Catalunya","og_description":"Aviso legal Propiedad intelectual e industrial El dise\u00f1o del portal y sus c\u00f3digos fuente, as\u00ed como los logos, marcas y dem\u00e1s signos distintivos que aparecen en el mismo pertenecen al GREMI FLORISTES DE CATALUNYA y est\u00e1n protegidos por los correspondientes derechos de propiedad intelectual e industrial. Responsabilidad de los contenidos GREMI FLORISTES DE CATALUNYA, con &hellip;","og_url":"https:\/\/floristes.cat\/es\/aviso-legal\/","og_site_name":"Gremi de Floristes de Catalunya","article_publisher":"https:\/\/www.facebook.com\/gremifloristes\/","article_modified_time":"2025-03-26T11:01:37+00:00","twitter_card":"summary_large_image","twitter_site":"@GremiFloristesc","twitter_misc":{"Tiempo de lectura":"4 minutos"},"schema":{"@context":"https:\/\/schema.org","@graph":[{"@type":"WebPage","@id":"https:\/\/floristes.cat\/es\/aviso-legal\/","url":"https:\/\/floristes.cat\/es\/aviso-legal\/","name":"Aviso Legal - Gremi de Floristes de Catalunya","isPartOf":{"@id":"https:\/\/floristes.cat\/#website"},"datePublished":"2019-10-02T10:24:09+00:00","dateModified":"2025-03-26T11:01:37+00:00","breadcrumb":{"@id":"https:\/\/floristes.cat\/es\/aviso-legal\/#breadcrumb"},"inLanguage":"es","potentialAction":[{"@type":"ReadAction","target":["https:\/\/floristes.cat\/es\/aviso-legal\/"]}]},{"@type":"BreadcrumbList","@id":"https:\/\/floristes.cat\/es\/aviso-legal\/#breadcrumb","itemListElement":[{"@type":"ListItem","position":1,"name":"Inici","item":"https:\/\/floristes.cat\/es\/"},{"@type":"ListItem","position":2,"name":"Aviso Legal"}]},{"@type":"WebSite","@id":"https:\/\/floristes.cat\/#website","url":"https:\/\/floristes.cat\/","name":"Gremi de Floristes de Catalunya","description":"Empreses que treballen amb flors, plantes naturals i artificials, elements complementaris i afins.","publisher":{"@id":"https:\/\/floristes.cat\/#organization"},"potentialAction":[{"@type":"SearchAction","target":{"@type":"EntryPoint","urlTemplate":"https:\/\/floristes.cat\/?s={search_term_string}"},"query-input":{"@type":"PropertyValueSpecification","valueRequired":true,"valueName":"search_term_string"}}],"inLanguage":"es"},{"@type":"Organization","@id":"https:\/\/floristes.cat\/#organization","name":"Gremi de Floristes de Catalunya","url":"https:\/\/floristes.cat\/","logo":{"@type":"ImageObject","inLanguage":"es","@id":"https:\/\/floristes.cat\/#\/schema\/logo\/image\/","url":"https:\/\/floristes.cat\/wp-content\/uploads\/2019\/10\/Logo_gremi_floristes_catalunya.png","contentUrl":"https:\/\/floristes.cat\/wp-content\/uploads\/2019\/10\/Logo_gremi_floristes_catalunya.png","width":96,"height":199,"caption":"Gremi de Floristes de Catalunya"},"image":{"@id":"https:\/\/floristes.cat\/#\/schema\/logo\/image\/"},"sameAs":["https:\/\/www.facebook.com\/gremifloristes\/","https:\/\/x.com\/GremiFloristesc","https:\/\/instagram.com\/somfloristes?igshid=2kfzf7ep7g0q"]}]}},"taxonomy_info":[],"featured_image_src_large":false,"author_info":{"display_name":"ideamatic","author_link":"https:\/\/floristes.cat\/es\/author\/ideamatic\/"},"comment_info":0,"featured_image_src":null,"featured_image_src_square":null,"_links":{"self":[{"href":"https:\/\/floristes.cat\/es\/wp-json\/wp\/v2\/pages\/415","targetHints":{"allow":["GET"]}}],"collection":[{"href":"https:\/\/floristes.cat\/es\/wp-json\/wp\/v2\/pages"}],"about":[{"href":"https:\/\/floristes.cat\/es\/wp-json\/wp\/v2\/types\/page"}],"author":[{"embeddable":true,"href":"https:\/\/floristes.cat\/es\/wp-json\/wp\/v2\/users\/1"}],"replies":[{"embeddable":true,"href":"https:\/\/floristes.cat\/es\/wp-json\/wp\/v2\/comments?post=415"}],"version-history":[{"count":6,"href":"https:\/\/floristes.cat\/es\/wp-json\/wp\/v2\/pages\/415\/revisions"}],"predecessor-version":[{"id":6711,"href":"https:\/\/floristes.cat\/es\/wp-json\/wp\/v2\/pages\/415\/revisions\/6711"}],"wp:attachment":[{"href":"https:\/\/floristes.cat\/es\/wp-json\/wp\/v2\/media?parent=415"}],"curies":[{"name":"wp","href":"https:\/\/api.w.org\/{rel}","templated":true}]}}