{"id":420,"date":"2019-10-02T12:50:19","date_gmt":"2019-10-02T10:50:19","guid":{"rendered":"http:\/\/projectes.biz\/gremifloristes\/?page_id=420"},"modified":"2025-03-26T12:04:21","modified_gmt":"2025-03-26T11:04:21","slug":"politica-de-privacidad","status":"publish","type":"page","link":"https:\/\/floristes.cat\/es\/politica-de-privacidad\/","title":{"rendered":"Pol\u00edtica de privacidad"},"content":{"rendered":"\n<h1 class=\"wp-block-heading\">Pol\u00edtica de privacidad<\/h1>\n\n\n\n<p>GREMI FLORISTES DE CATALUNYA, con CIF\/NIF G08791626, y domicilio en CALLE LONDRES, 96, PPAL-2, BARCELONA (08036), BARCELONA y con correo electr\u00f3nico <a href=\"mailto:gremi@floristes.cat\">gremi@floristes.cat <\/a>y tel\u00e9fono 934616453<\/p>\n\n\n\n<p><strong>Responsable de protecci\u00f3n de datos<\/strong><\/p>\n\n\n\n<p>El titular es el responsable de los datos personales que son recabados por la navegaci\u00f3n y uso de esta web conforme a los requisitos establecidos por el REGLAMENTO (UE) 2016\/679 relativo a la protecci\u00f3n de datos de las personas f\u00edsicas, as\u00ed como conforme a la Ley 34\/2002 de 11 de julio de Servicios de la Sociedad de la Informaci\u00f3n y del Comercio Electr\u00f3nico (LSSI-CE).<\/p>\n\n\n\n<p>Al utilizar este sitio web entendemos que ha le\u00eddo y comprendido la informaci\u00f3n que se expone en relaci\u00f3n con el tratamiento de sus datos de car\u00e1cter personal.<\/p>\n\n\n\n<p><strong>Pol\u00edtica de protecci\u00f3n de datos<\/strong><\/p>\n\n\n\n<p>El responsable aplica el principio de responsabilidad activa en el tratamiento de los datos de car\u00e1cter personal, manteniendo una constante puesta al d\u00eda y una promoci\u00f3n de la mejora continua del sistema de protecci\u00f3n de datos conforme a los requisitos legales exigibles, garantizando en todo caso:<\/p>\n\n\n\n<ul class=\"wp-block-list\">\n<li>el respeto a las libertades y los derechos fundamentales de las personas f\u00edsicas<\/li>\n\n\n\n<li>que los datos son tratados de manera l\u00edcita, leal y transparente<\/li>\n\n\n\n<li>que los datos tratados son exactos, adecuados, pertinentes y limitados en relaci\u00f3n con los fines para los que son recogidos<\/li>\n\n\n\n<li>que los fines para los que son recogidos son expl\u00edcitos y leg\u00edtimos y que no son tratados de manera incompatible con dichos fines<\/li>\n<\/ul>\n\n\n\n<p>La finalidad de este documento es informar a los usuarios sobre qu\u00e9 hacemos con sus datos personales, c\u00f3mo se recaban, para qu\u00e9 se utilizan, los derechos que les asisten, as\u00ed como toda la informaci\u00f3n legal necesaria establecida por la normativa vigente.<\/p>\n\n\n\n<p><strong>Datos recabados, finalidad y licitud<\/strong><\/p>\n\n\n\n<p>Los datos de car\u00e1cter personal tratados son los aportados por los usuarios a trav\u00e9s de los formularios disponibles en este sitio web y son los m\u00ednimos exigibles para poder:<\/p>\n\n\n\n<ul class=\"wp-block-list\">\n<li>enviarle informaci\u00f3n sobre nuestros productos \/ servicios<\/li>\n\n\n\n<li>atender consultas<\/li>\n\n\n\n<li>tramitar pedidos, as\u00ed como poder elaborar las facturas correspondientes, informar sobre el estado de los pedidos, atender reclamaciones y cualquier otra gesti\u00f3n derivada de la prestaci\u00f3n del servicio realizado a trav\u00e9s de este sitio web<\/li>\n<\/ul>\n\n\n\n<p>Dichas finalidades est\u00e1n basadas en principios legales de tratamiento de los datos recogidos por la normativa vigente: para la ejecuci\u00f3n de un contrato o la prestaci\u00f3n de un servicio a los usuarios, para el cumplimiento de obligaciones legales, por el inter\u00e9s leg\u00edtimo y con el consentimiento de los usuarios.<\/p>\n\n\n\n<p><strong>Formularios web<\/strong><\/p>\n\n\n\n<p>Los datos personales recabados a trav\u00e9s del formulario web de contacto se usan para poder atender cualquier consulta que el usuario realice a trav\u00e9s del mismo.<\/p>\n\n\n\n<p>El tratamiento de los datos est\u00e1 legitimado por el consentimiento que usted nos presta al aceptar expresamente las condiciones del tratamiento informadas a trav\u00e9s de esta pol\u00edtica de privacidad.<\/p>\n\n\n\n<p><strong>Destinatarios de los datos<\/strong><\/p>\n\n\n\n<p>Los datos de car\u00e1cter personal obtenidos a trav\u00e9s de los formularios web son registrados y conservados en soportes electr\u00f3nicos controlados y supervisados por el responsable del tratamiento.<\/p>\n\n\n\n<p>Para los casos en los que la comunicaci\u00f3n de datos a terceros no est\u00e9 amparada en las bases legales establecidas en el apartado anterior, la comunicaci\u00f3n de datos a otros destinatarios s\u00f3lo se realizar\u00e1 si el usuario ha dado su consentimiento expreso.<\/p>\n\n\n\n<p>Se mantienen unos criterios estrictos de selecci\u00f3n de encargados de tratamiento y el compromiso contractual con cada uno de ellos para cumplir y hacer cumplir las obligaciones establecidas en materia de protecci\u00f3n de datos.<\/p>\n\n\n\n<p>En el caso de que existan transferencias internacionales de datos GREMI FLORISTES DE CATALUNYA garantizar\u00e1 que la transferencia de sus datos personales se realiza de conformidad con las leyes de privacidad aplicables y, en particular, que se apliquen las medidas contractuales, t\u00e9cnicas y organizativas necesarias, como las cl\u00e1usulas contractuales est\u00e1ndar aprobadas por la Comisi\u00f3n Europea.<\/p>\n\n\n\n<p>Puede obtener m\u00e1s informaci\u00f3n sobre el tratamiento de los datos personales de nuestra organizaci\u00f3n solicit\u00e1ndola en el mail: <a href=\"mailto:gremi@floristes.cat\">gremi@floristes.cat<\/a><\/p>\n\n\n\n<p><strong>Medidas t\u00e9cnicas y organizativas de protecci\u00f3n de datos<\/strong><\/p>\n\n\n\n<p>Los soportes cuentan con las medidas t\u00e9cnicas y organizativas necesarias que garantizan la confidencialidad y la conservaci\u00f3n de los datos personales obtenidos a trav\u00e9s de la web.<\/p>\n\n\n\n<p>Los datos personales recabados desde la web son tratados mediante protocolo HTML con certificado SSL v\u00e1lido.<\/p>\n\n\n\n<p>El personal implicado en las operaciones de tratamiento de datos: acceso, edici\u00f3n, borrado, etc. est\u00e1 capacitado para ello, formado y comprometido con esta pol\u00edtica de protecci\u00f3n de datos.<\/p>\n\n\n\n<p><strong>Conservaci\u00f3n de los datos<\/strong><\/p>\n\n\n\n<p>Los datos de car\u00e1cter personal obtenidos a trav\u00e9s del formulario de contacto ser\u00e1n conservados el tiempo necesario para atender la solicitud\/consulta realizada.<\/p>\n\n\n\n<p>Los datos de car\u00e1cter personal obtenidos a trav\u00e9s del formulario de pedidos ser\u00e1n conservados mientras exista una relaci\u00f3n contractual y\/o comercial con usted o mientras usted no ejerza su derecho de supresi\u00f3n, cancelaci\u00f3n y\/o limitaci\u00f3n del tratamiento de sus datos.<\/p>\n\n\n\n<p>Vencida la relaci\u00f3n contractual mantendremos la informaci\u00f3n debidamente bloqueada, sin darle ning\u00fan uso, mientras pueda ser necesaria para el ejercicio o defensa de reclamaciones o pueda derivarse alg\u00fan tipo de responsabilidad judicial, legal o contractual de su tratamiento, que deba ser atendida y para lo cual sea necesaria su recuperaci\u00f3n.<\/p>\n\n\n\n<p>En caso que haya aceptado expresamente el env\u00edo de informaci\u00f3n comercial conservaremos sus datos de contacto hasta que usted nos comunique su decisi\u00f3n de anular dichos env\u00edos comerciales.<\/p>\n\n\n\n<p><strong>Informaci\u00f3n sobre la existencia de decisiones automatizadas (incluida la elaboraci\u00f3n de perfiles)<\/strong><\/p>\n\n\n\n<p>Normalmente no adoptamos decisiones autom\u00e1ticas, pero cuanto lo hagamos dejaremos claro que se est\u00e1 adoptando ese tipo de decisi\u00f3n. No obstante, el GREMI FLORISTES DE CATALUNYA, con CIF\/NIF G08791626 recoge varios apartados dedicados a la personalizaci\u00f3n de servicios a fin de mostrar publicidad personalizada al ingresar en su sitio Web y tambi\u00e9n para el env\u00edo de comunicaciones personalizadas.<\/p>\n\n\n\n<p>GREMI FLORISTES DE CATALUNYA, con CIF\/NIF G08791626 reconoce la posibilidad de la realizaci\u00f3n de perfiles para mejorar su oferta de productos o personalizar el env\u00edo de ofertas comerciales o dar un trato m\u00e1s personalizado al cliente.<\/p>\n\n\n\n<p><strong>Oposici\u00f3n a que los datos sean tratados con fines publicitarios<\/strong><\/p>\n\n\n\n<p>Si dio su consentimiento para que utilizaran sus datos con fines publicitarios y no desea seguir recibiendo publicidad, puede revocar el consentimiento prestado en cualquier momento y a trav\u00e9s del env\u00edo de un correo electr\u00f3nico a email del responsable: <a href=\"mailto:gremi@floristes.cat\">gremi@floristes.cat<\/a><\/p>\n\n\n\n<p><strong>Cambios en la Pol\u00edtica de Privacidad<\/strong><\/p>\n\n\n\n<p>Es posible que modifiquemos la informaci\u00f3n contenida en esta Pol\u00edtica de Privacidad y Cookies cuando lo estimemos conveniente. En caso de que lo hagamos, se lo notificaremos por distintas v\u00edas a trav\u00e9s de la Plataforma (por ejemplo, a trav\u00e9s de un banner, un pop-up o una notificaci\u00f3n push), o incluso se lo comunicaremos a su direcci\u00f3n de correo electr\u00f3nico cuando el cambio en cuesti\u00f3n sea significativo para con su privacidad, de manera que pueda revisar los cambios, valorarlos y, en su caso, oponerse o darse de baja en alg\u00fan servicio o funcionalidad. En cualquier caso, le sugerimos que revise esta Pol\u00edtica de Privacidad y Cookies de vez en cuando por si hubiera cambios menores o introducimos alguna mejora interactiva.<\/p>\n","protected":false},"excerpt":{"rendered":"<p>Pol\u00edtica de privacidad GREMI FLORISTES DE CATALUNYA, con CIF\/NIF G08791626, y domicilio en CALLE LONDRES, 96, PPAL-2, BARCELONA (08036), BARCELONA y con correo electr\u00f3nico gremi@floristes.cat y tel\u00e9fono 934616453 Responsable de protecci\u00f3n de datos El titular es el responsable de los datos personales que son recabados por la navegaci\u00f3n y uso de esta web conforme a &hellip;<\/p>\n","protected":false},"author":1,"featured_media":0,"parent":0,"menu_order":0,"comment_status":"closed","ping_status":"closed","template":"templates\/template-builder.php","meta":{"inline_featured_image":false,"_kad_blocks_custom_css":"","_kad_blocks_head_custom_js":"","_kad_blocks_body_custom_js":"","_kad_blocks_footer_custom_js":"","footnotes":""},"class_list":["post-420","page","type-page","status-publish","hentry","post","without-featured-image"],"yoast_head":"<!-- This site is optimized with the Yoast SEO plugin v27.0 - https:\/\/yoast.com\/product\/yoast-seo-wordpress\/ -->\n<title>Pol\u00edtica de privacidad - Gremi de Floristes de Catalunya<\/title>\n<meta name=\"robots\" content=\"index, follow, max-snippet:-1, max-image-preview:large, max-video-preview:-1\" \/>\n<link rel=\"canonical\" href=\"https:\/\/floristes.cat\/es\/politica-de-privacidad\/\" \/>\n<meta property=\"og:locale\" content=\"es_ES\" \/>\n<meta property=\"og:type\" content=\"article\" \/>\n<meta property=\"og:title\" content=\"Pol\u00edtica de privacidad - Gremi de Floristes de Catalunya\" \/>\n<meta property=\"og:description\" content=\"Pol\u00edtica de privacidad GREMI FLORISTES DE CATALUNYA, con CIF\/NIF G08791626, y domicilio en CALLE LONDRES, 96, PPAL-2, BARCELONA (08036), BARCELONA y con correo electr\u00f3nico gremi@floristes.cat y tel\u00e9fono 934616453 Responsable de protecci\u00f3n de datos El titular es el responsable de los datos personales que son recabados por la navegaci\u00f3n y uso de esta web conforme a &hellip;\" \/>\n<meta property=\"og:url\" content=\"https:\/\/floristes.cat\/es\/politica-de-privacidad\/\" \/>\n<meta property=\"og:site_name\" content=\"Gremi de Floristes de Catalunya\" \/>\n<meta property=\"article:publisher\" content=\"https:\/\/www.facebook.com\/gremifloristes\/\" \/>\n<meta property=\"article:modified_time\" content=\"2025-03-26T11:04:21+00:00\" \/>\n<meta name=\"twitter:card\" content=\"summary_large_image\" \/>\n<meta name=\"twitter:site\" content=\"@GremiFloristesc\" \/>\n<meta name=\"twitter:label1\" content=\"Tiempo de lectura\" \/>\n\t<meta name=\"twitter:data1\" content=\"7 minutos\" \/>\n<script type=\"application\/ld+json\" class=\"yoast-schema-graph\">{\"@context\":\"https:\/\/schema.org\",\"@graph\":[{\"@type\":\"WebPage\",\"@id\":\"https:\/\/floristes.cat\/es\/politica-de-privacidad\/\",\"url\":\"https:\/\/floristes.cat\/es\/politica-de-privacidad\/\",\"name\":\"Pol\u00edtica de privacidad - Gremi de Floristes de Catalunya\",\"isPartOf\":{\"@id\":\"https:\/\/floristes.cat\/#website\"},\"datePublished\":\"2019-10-02T10:50:19+00:00\",\"dateModified\":\"2025-03-26T11:04:21+00:00\",\"breadcrumb\":{\"@id\":\"https:\/\/floristes.cat\/es\/politica-de-privacidad\/#breadcrumb\"},\"inLanguage\":\"es\",\"potentialAction\":[{\"@type\":\"ReadAction\",\"target\":[\"https:\/\/floristes.cat\/es\/politica-de-privacidad\/\"]}]},{\"@type\":\"BreadcrumbList\",\"@id\":\"https:\/\/floristes.cat\/es\/politica-de-privacidad\/#breadcrumb\",\"itemListElement\":[{\"@type\":\"ListItem\",\"position\":1,\"name\":\"Inici\",\"item\":\"https:\/\/floristes.cat\/es\/\"},{\"@type\":\"ListItem\",\"position\":2,\"name\":\"Pol\u00edtica de privacidad\"}]},{\"@type\":\"WebSite\",\"@id\":\"https:\/\/floristes.cat\/#website\",\"url\":\"https:\/\/floristes.cat\/\",\"name\":\"Gremi de Floristes de Catalunya\",\"description\":\"Empreses que treballen amb flors, plantes naturals i artificials, elements complementaris i afins.\",\"publisher\":{\"@id\":\"https:\/\/floristes.cat\/#organization\"},\"potentialAction\":[{\"@type\":\"SearchAction\",\"target\":{\"@type\":\"EntryPoint\",\"urlTemplate\":\"https:\/\/floristes.cat\/?s={search_term_string}\"},\"query-input\":{\"@type\":\"PropertyValueSpecification\",\"valueRequired\":true,\"valueName\":\"search_term_string\"}}],\"inLanguage\":\"es\"},{\"@type\":\"Organization\",\"@id\":\"https:\/\/floristes.cat\/#organization\",\"name\":\"Gremi de Floristes de Catalunya\",\"url\":\"https:\/\/floristes.cat\/\",\"logo\":{\"@type\":\"ImageObject\",\"inLanguage\":\"es\",\"@id\":\"https:\/\/floristes.cat\/#\/schema\/logo\/image\/\",\"url\":\"https:\/\/floristes.cat\/wp-content\/uploads\/2019\/10\/Logo_gremi_floristes_catalunya.png\",\"contentUrl\":\"https:\/\/floristes.cat\/wp-content\/uploads\/2019\/10\/Logo_gremi_floristes_catalunya.png\",\"width\":96,\"height\":199,\"caption\":\"Gremi de Floristes de Catalunya\"},\"image\":{\"@id\":\"https:\/\/floristes.cat\/#\/schema\/logo\/image\/\"},\"sameAs\":[\"https:\/\/www.facebook.com\/gremifloristes\/\",\"https:\/\/x.com\/GremiFloristesc\",\"https:\/\/instagram.com\/somfloristes?igshid=2kfzf7ep7g0q\"]}]}<\/script>\n<!-- \/ Yoast SEO plugin. -->","yoast_head_json":{"title":"Pol\u00edtica de privacidad - Gremi de Floristes de Catalunya","robots":{"index":"index","follow":"follow","max-snippet":"max-snippet:-1","max-image-preview":"max-image-preview:large","max-video-preview":"max-video-preview:-1"},"canonical":"https:\/\/floristes.cat\/es\/politica-de-privacidad\/","og_locale":"es_ES","og_type":"article","og_title":"Pol\u00edtica de privacidad - Gremi de Floristes de Catalunya","og_description":"Pol\u00edtica de privacidad GREMI FLORISTES DE CATALUNYA, con CIF\/NIF G08791626, y domicilio en CALLE LONDRES, 96, PPAL-2, BARCELONA (08036), BARCELONA y con correo electr\u00f3nico gremi@floristes.cat y tel\u00e9fono 934616453 Responsable de protecci\u00f3n de datos El titular es el responsable de los datos personales que son recabados por la navegaci\u00f3n y uso de esta web conforme a &hellip;","og_url":"https:\/\/floristes.cat\/es\/politica-de-privacidad\/","og_site_name":"Gremi de Floristes de Catalunya","article_publisher":"https:\/\/www.facebook.com\/gremifloristes\/","article_modified_time":"2025-03-26T11:04:21+00:00","twitter_card":"summary_large_image","twitter_site":"@GremiFloristesc","twitter_misc":{"Tiempo de lectura":"7 minutos"},"schema":{"@context":"https:\/\/schema.org","@graph":[{"@type":"WebPage","@id":"https:\/\/floristes.cat\/es\/politica-de-privacidad\/","url":"https:\/\/floristes.cat\/es\/politica-de-privacidad\/","name":"Pol\u00edtica de privacidad - Gremi de Floristes de Catalunya","isPartOf":{"@id":"https:\/\/floristes.cat\/#website"},"datePublished":"2019-10-02T10:50:19+00:00","dateModified":"2025-03-26T11:04:21+00:00","breadcrumb":{"@id":"https:\/\/floristes.cat\/es\/politica-de-privacidad\/#breadcrumb"},"inLanguage":"es","potentialAction":[{"@type":"ReadAction","target":["https:\/\/floristes.cat\/es\/politica-de-privacidad\/"]}]},{"@type":"BreadcrumbList","@id":"https:\/\/floristes.cat\/es\/politica-de-privacidad\/#breadcrumb","itemListElement":[{"@type":"ListItem","position":1,"name":"Inici","item":"https:\/\/floristes.cat\/es\/"},{"@type":"ListItem","position":2,"name":"Pol\u00edtica de privacidad"}]},{"@type":"WebSite","@id":"https:\/\/floristes.cat\/#website","url":"https:\/\/floristes.cat\/","name":"Gremi de Floristes de Catalunya","description":"Empreses que treballen amb flors, plantes naturals i artificials, elements complementaris i afins.","publisher":{"@id":"https:\/\/floristes.cat\/#organization"},"potentialAction":[{"@type":"SearchAction","target":{"@type":"EntryPoint","urlTemplate":"https:\/\/floristes.cat\/?s={search_term_string}"},"query-input":{"@type":"PropertyValueSpecification","valueRequired":true,"valueName":"search_term_string"}}],"inLanguage":"es"},{"@type":"Organization","@id":"https:\/\/floristes.cat\/#organization","name":"Gremi de Floristes de Catalunya","url":"https:\/\/floristes.cat\/","logo":{"@type":"ImageObject","inLanguage":"es","@id":"https:\/\/floristes.cat\/#\/schema\/logo\/image\/","url":"https:\/\/floristes.cat\/wp-content\/uploads\/2019\/10\/Logo_gremi_floristes_catalunya.png","contentUrl":"https:\/\/floristes.cat\/wp-content\/uploads\/2019\/10\/Logo_gremi_floristes_catalunya.png","width":96,"height":199,"caption":"Gremi de Floristes de Catalunya"},"image":{"@id":"https:\/\/floristes.cat\/#\/schema\/logo\/image\/"},"sameAs":["https:\/\/www.facebook.com\/gremifloristes\/","https:\/\/x.com\/GremiFloristesc","https:\/\/instagram.com\/somfloristes?igshid=2kfzf7ep7g0q"]}]}},"taxonomy_info":[],"featured_image_src_large":false,"author_info":{"display_name":"ideamatic","author_link":"https:\/\/floristes.cat\/es\/author\/ideamatic\/"},"comment_info":0,"featured_image_src":null,"featured_image_src_square":null,"_links":{"self":[{"href":"https:\/\/floristes.cat\/es\/wp-json\/wp\/v2\/pages\/420","targetHints":{"allow":["GET"]}}],"collection":[{"href":"https:\/\/floristes.cat\/es\/wp-json\/wp\/v2\/pages"}],"about":[{"href":"https:\/\/floristes.cat\/es\/wp-json\/wp\/v2\/types\/page"}],"author":[{"embeddable":true,"href":"https:\/\/floristes.cat\/es\/wp-json\/wp\/v2\/users\/1"}],"replies":[{"embeddable":true,"href":"https:\/\/floristes.cat\/es\/wp-json\/wp\/v2\/comments?post=420"}],"version-history":[{"count":2,"href":"https:\/\/floristes.cat\/es\/wp-json\/wp\/v2\/pages\/420\/revisions"}],"predecessor-version":[{"id":6246,"href":"https:\/\/floristes.cat\/es\/wp-json\/wp\/v2\/pages\/420\/revisions\/6246"}],"wp:attachment":[{"href":"https:\/\/floristes.cat\/es\/wp-json\/wp\/v2\/media?parent=420"}],"curies":[{"name":"wp","href":"https:\/\/api.w.org\/{rel}","templated":true}]}}